{"id":16,"date":"2024-12-01T00:01:00","date_gmt":"2024-11-30T22:01:00","guid":{"rendered":"http:\/\/www.weihnachtself.de\/wordpress\/?page_id=16"},"modified":"2024-06-12T08:37:58","modified_gmt":"2024-06-12T06:37:58","slug":"1-dezember","status":"publish","type":"page","link":"http:\/\/www.weihnachtself.de\/wordpress\/?page_id=16","title":{"rendered":"1. Dezember"},"content":{"rendered":"<p><img loading=\"lazy\" decoding=\"async\" style=\"float: left; border: 0px; padding-left: 5px; padding-right: 5px;\" src=\"http:\/\/weihnachtself.de\/wordpress\/wp-content\/uploads\/elf_x.jpg\" alt=\"\" width=\"63\" height=\"100\" \/> <strong>1. Dezember<\/strong><\/p>\n<p style=\"text-align: center;\"><strong>Heimlichkeit zur Weihnachtszeit<\/strong><br \/>\nmacht sich unter allen breit.<br \/>\nkinder fragen, lauschen, suchen,<br \/>\nprobieren Pl\u00e4tzchen und vom Kuchen,<br \/>\nbasteln Strene, Gl\u00fcckwunschkarten,<br \/>\nk\u00f6nnen Weihnacht kaum erwarten.<\/p>\n<p style=\"text-align: center;\"><img loading=\"lazy\" decoding=\"async\" class=\"alignnone size-full wp-image-38\" title=\"birds-garland\" src=\"http:\/\/weihnachtself.de\/wordpress\/wp-content\/uploads\/birds-garland.gif\" alt=\"birds-garland\" width=\"475\" height=\"32\" \/><\/p>\n<p style=\"text-align: center;\"><strong>Es kommt die Zeit <\/strong><\/p>\n<p>&#8230; zum Ende des Jahres, in der die flei\u00dfigen Helfer des Weihnachtsmannes alle H\u00e4nde voll zu tun haben. Sich auf auf Weihnachten vorbereiten heisst auch, sich Gedanken \u00fcber Geschenke zu machen. Das deutsche Wort &#8220;schenken&#8221; bedeutet urspr\u00fcnglich, einem etwas zu trinken geben &#8230; einem Durstigen etwas einschenken, damit er seinen Durst stillen kann.<\/p>\n<p>Heute haben viele keinen Durst mehr danach, S\u00fc\u00dfigkeiten oder Wein oder Kleider oder Haushaltsger\u00e4te geschenkt zu bekommen. Die meisten haben genug davon. Aber jeder von uns d\u00fcrstet nach Liebe, nach Zuwendung, nach Wertsch\u00e4tzung. So sehnen sich heute wohl die meisten nach einem Geschenk, das Ausdruck der Liebe ist. Wenn ich mein Herz in ein Geschenk hineinlege, dann erreicht es den anderen, dann stillt es seinen Durst.<\/p>\n<p>In den n\u00e4chsten 24 Tage werden wir uns hier Geschichten erz\u00e4hlen, aus der Weihnachtswerkstatt plaudern, vielleicht auch das eine oder andere Rezept verraten und dem Weihnachtsmann helfen, manchen Wunsch zu erf\u00fcllen.<\/p>\n<p>&#8220;Es kommt die Zeit, in der das W\u00fcnschen wieder hilft&#8221; So beginnt ein Song der Toten Hosen. Deshalb&#8230;<\/p>\n<!--[if lt IE 9]><script>document.createElement('audio');<\/script><![endif]-->\n<audio class=\"wp-audio-shortcode\" id=\"audio-16-1\" preload=\"none\" style=\"width: 100%;\" controls=\"controls\"><source type=\"audio\/mpeg\" src=\"http:\/\/www.weihnachtself.de\/wordpress\/wp-content\/uploads\/2020\/11\/wdw.mp3?_=1\" \/><a href=\"http:\/\/www.weihnachtself.de\/wordpress\/wp-content\/uploads\/2020\/11\/wdw.mp3\">http:\/\/www.weihnachtself.de\/wordpress\/wp-content\/uploads\/2020\/11\/wdw.mp3<\/a><\/audio>\n<p style=\"text-align: center;\"><img loading=\"lazy\" decoding=\"async\" class=\"alignnone size-full wp-image-38\" title=\"birds-garland\" src=\"http:\/\/weihnachtself.de\/wordpress\/wp-content\/uploads\/birds-garland.gif\" alt=\"birds-garland\" width=\"475\" height=\"32\" \/><\/p>\n<h4>Komm und w\u00fcnsch dir was!<\/h4>\n<p>Habt Ihr Eure Wunschzettel geschrieben und an den Weihnachtsmann oder das Christkind geschickt?<\/p>\n<p>Um sie noch an den Nordpol zu schicken ist es wohl schon zu sp\u00e4t. Aber \u00fcber die verschiedenen Weihnachtspoststellen ist da sicher noch was zu machen. Also einfach schnell abschicken &#8211; und nicht vergessen, das <strong>R\u00fcckporto<\/strong> beizulegen.<\/p>\n<h4>Der Elf hat sich sagen lassen:<\/h4>\n<p><em>Alle Briefe, die bis sp\u00e4testens ca. 10 Tage vor Heiligabend beim <a title=\"Himmelpfort\" href=\"http:\/\/www.weihnachtsmann-in-himmelpfort.de\/post.html\">Weihnachtsmann in Himmelpfort<\/a> eingehen, werden garantiert beantwortet. M\u00f6glich sei dies in immerhin 16 Sprachen&#8230; <\/em><\/p>\n<p style=\"text-align: center;\"><a href=\"http:\/\/www.weihnachtself.de\/pic\/xmas_lisi_400_briefkasten.jpg\"><img loading=\"lazy\" decoding=\"async\" title=\"Post an den Weihnachtsmann\" src=\"http:\/\/www.weihnachtself.de\/pic\/xmas_lisi_400_briefkasten.jpg\" alt=\"Post an den Weihnachtsmann\" width=\"400\" height=\"571\" \/><\/a><\/p>\n<p style=\"text-align: center;\">Weitere Weihnachtspostfilialen:<\/p>\n<ul>\n<li style=\"text-align: center;\">97267 Himmelstadt<\/li>\n<li style=\"text-align: center;\">49681 Nikolausdorf in Garrel<\/li>\n<li style=\"text-align: center;\">31137 Himmelsth\u00fcr in Hildesheim<\/li>\n<li style=\"text-align: center;\">21709 Himmelpforten<\/li>\n<li style=\"text-align: center;\">51777 Engelskirchen<\/li>\n<li style=\"text-align: center;\">66352 St. Nikolaus im Warndt<\/li>\n<li style=\"text-align: center;\">oder auch : <a href=\"https:\/\/weihnachtserlebnisse.de\/weihnachtspostfiliale\/\">Christkind, Kirchplatz 3, 97267 Himmelstadt<\/a><\/li>\n<\/ul>\n<p><img loading=\"lazy\" decoding=\"async\" class=\"alignnone size-full wp-image-38 aligncenter\" title=\"birds-garland\" src=\"http:\/\/weihnachtself.de\/wordpress\/wp-content\/uploads\/birds-garland.gif\" alt=\"birds-garland\" width=\"475\" height=\"32\" \/><\/p>\n<p>Ein Brief eines italienischen Kindes an den Weihnachtsmann:<\/p>\n<p><em>Lieber Weihnachtsmann,<\/em><\/p>\n<p><em>ich habe das Ungl\u00fcck, dass ich ein sehr reiches Kind bin, und es scheint, dass Du nur den armen was bringst. Meine Mutter und mein Vater sind gezwungen, mir an Deiner Stelle Geschenke zu machen, und ichsehe immer wie sie sie anschleppen.<\/em><\/p>\n<p><em>Ich m\u00f6chte gern ein normales Kind sein wie alle armen Kinder dieser Welt, damit ich wenigstens wirklich Deine Geschenke bekomme, auch wenn sie nicht wie die von den Eltern sind, die mit Schecks gekauft werden.<\/em><\/p>\n<p><em>Hast Du verstanden, wer ich bin und wo ich wohne? Ich schreibe es Dir.<\/em><\/p>\n<p><em> Gianmichele<\/em><\/p>\n<p style=\"text-align: center;\"><img loading=\"lazy\" decoding=\"async\" class=\"alignnone size-full wp-image-38\" title=\"birds-garland\" src=\"http:\/\/weihnachtself.de\/wordpress\/wp-content\/uploads\/birds-garland.gif\" alt=\"birds-garland\" width=\"475\" height=\"32\" \/><\/p>\n<p style=\"text-align: right;\"><a href=\"http:\/\/weihnachtself.de\/wordpress\/\">zur\u00fcck zum Kalender<\/a><\/p>\n","protected":false},"excerpt":{"rendered":"<p>1. Dezember Heimlichkeit zur Weihnachtszeit macht sich unter allen breit. kinder fragen, lauschen, suchen, probieren Pl\u00e4tzchen und vom Kuchen, basteln Strene, Gl\u00fcckwunschkarten, k\u00f6nnen Weihnacht kaum erwarten. Es kommt die Zeit &#8230; zum Ende des Jahres, in der die flei\u00dfigen Helfer des Weihnachtsmannes alle H\u00e4nde voll zu tun haben. Sich auf auf Weihnachten vorbereiten heisst auch, [&hellip;]<\/p>\n","protected":false},"author":1,"featured_media":0,"parent":0,"menu_order":0,"comment_status":"closed","ping_status":"closed","template":"","meta":{"footnotes":""},"_links":{"self":[{"href":"http:\/\/www.weihnachtself.de\/wordpress\/index.php?rest_route=\/wp\/v2\/pages\/16"}],"collection":[{"href":"http:\/\/www.weihnachtself.de\/wordpress\/index.php?rest_route=\/wp\/v2\/pages"}],"about":[{"href":"http:\/\/www.weihnachtself.de\/wordpress\/index.php?rest_route=\/wp\/v2\/types\/page"}],"author":[{"embeddable":true,"href":"http:\/\/www.weihnachtself.de\/wordpress\/index.php?rest_route=\/wp\/v2\/users\/1"}],"replies":[{"embeddable":true,"href":"http:\/\/www.weihnachtself.de\/wordpress\/index.php?rest_route=%2Fwp%2Fv2%2Fcomments&post=16"}],"version-history":[{"count":21,"href":"http:\/\/www.weihnachtself.de\/wordpress\/index.php?rest_route=\/wp\/v2\/pages\/16\/revisions"}],"predecessor-version":[{"id":372,"href":"http:\/\/www.weihnachtself.de\/wordpress\/index.php?rest_route=\/wp\/v2\/pages\/16\/revisions\/372"}],"wp:attachment":[{"href":"http:\/\/www.weihnachtself.de\/wordpress\/index.php?rest_route=%2Fwp%2Fv2%2Fmedia&parent=16"}],"curies":[{"name":"wp","href":"https:\/\/api.w.org\/{rel}","templated":true}]}}