{"id":2,"date":"2013-11-30T18:00:43","date_gmt":"2013-11-30T16:00:43","guid":{"rendered":"http:\/\/www.weihnachtself.de\/wordpress\/?page_id=2"},"modified":"2015-12-01T09:31:59","modified_gmt":"2015-12-01T07:31:59","slug":"beispiel-seite","status":"publish","type":"page","link":"http:\/\/www.weihnachtself.de\/wordpress\/","title":{"rendered":"Adventskalender"},"content":{"rendered":"<p style=\"text-align: center;\">Es nahet Weihnachten, das hohe Fest,<br \/>\nviel gibts zu tun, sehr viel, was stresst,<br \/>\ndoch werft das ab, genie\u00dft die Zeit,<br \/>\nGeschenke und Freude sind auch nimmer weit.<\/p>\n<p style=\"text-align: center;\"><img loading=\"lazy\" decoding=\"async\" class=\"alignnone size-full wp-image-38\" title=\"birds-garland\" alt=\"birds-garland\" src=\"http:\/\/weihnachtself.de\/wordpress\/wp-content\/uploads\/birds-garland.gif\" width=\"475\" height=\"32\" \/><\/p>\n<p style=\"text-align: center;\">24 Gr\u00fcnde f\u00fcr eine sch\u00f6ne Weihnacht &#8230;<\/p>\n<p>&nbsp;<\/p>\n<p><center><\/p>\n<table border=\"1\" align=\"center\">\n<tbody>\n<tr>\n<td>\n<table style=\"height: 320px;\" width=\"420\" border=\"0\" cellspacing=\"0\" cellpadding=\"0\">\n<tbody>\n<tr>\n<td><a href=\"?page_id=16\"><img decoding=\"async\" alt=\"\" src=\"\/wordpress\/wp-content\/uploads\/kalender\/c_1x1.jpg\" border=\"0\" \/><\/a><\/td>\n<td><a href=\"?page_id=40\"><img decoding=\"async\" alt=\"\" src=\"\/wordpress\/wp-content\/uploads\/kalender\/c_1x2.jpg\" border=\"0\" \/><\/a><\/td>\n<td><a href=\"?page_id=45\"><img decoding=\"async\" alt=\"\" src=\"\/wordpress\/wp-content\/uploads\/kalender\/c_1x3.jpg\" border=\"0\" \/><\/a><\/td>\n<td><a href=\"?page_id=47\"><img decoding=\"async\" alt=\"\" src=\"\/wordpress\/wp-content\/uploads\/kalender\/c_1x4.jpg\" border=\"0\" \/><\/a><\/td>\n<td><a href=\"?page_id=49\"><img decoding=\"async\" alt=\"\" src=\"\/wordpress\/wp-content\/uploads\/kalender\/c_1x5.jpg\" border=\"0\" \/><\/a><\/td>\n<td><a href=\"?page_id=70\"><img decoding=\"async\" alt=\"\" src=\"\/wordpress\/wp-content\/uploads\/kalender\/c_1x6.jpg\" border=\"0\" \/><\/a><\/td>\n<\/tr>\n<tr>\n<td><a href=\"?page_id=72\"><img decoding=\"async\" alt=\"\" src=\"\/wordpress\/wp-content\/uploads\/kalender\/c_2x1.jpg\" border=\"0\" \/><\/a><\/td>\n<td><a href=\"?page_id=74\"><img decoding=\"async\" alt=\"\" src=\"\/wordpress\/wp-content\/uploads\/kalender\/c_2x2.jpg\" border=\"0\" \/><\/a><\/td>\n<td><a href=\"?page_id=76\"><img decoding=\"async\" alt=\"\" src=\"\/wordpress\/wp-content\/uploads\/kalender\/c_2x3.jpg\" border=\"0\" \/><\/a><\/td>\n<td><a href=\"?page_id=78\"><img decoding=\"async\" alt=\"\" src=\"\/wordpress\/wp-content\/uploads\/kalender\/c_2x4.jpg\" border=\"0\" \/><\/a><\/td>\n<td><a href=\"?page_id=80\"><img decoding=\"async\" alt=\"\" src=\"\/wordpress\/wp-content\/uploads\/kalender\/c_2x5.jpg\" border=\"0\" \/><\/a><\/td>\n<td><a href=\"?page_id=82\"><img decoding=\"async\" alt=\"\" src=\"\/wordpress\/wp-content\/uploads\/kalender\/c_2x6.jpg\" border=\"0\" \/><\/a><\/td>\n<\/tr>\n<tr>\n<td><a href=\"?page_id=84\"><img decoding=\"async\" alt=\"\" src=\"\/wordpress\/wp-content\/uploads\/kalender\/c_3x1.jpg\" border=\"0\" \/><\/a><\/td>\n<td><a href=\"?page_id=86\"><img decoding=\"async\" alt=\"\" src=\"\/wordpress\/wp-content\/uploads\/kalender\/c_3x2.jpg\" border=\"0\" \/><\/a><\/td>\n<td><a href=\"?page_id=88\"><img decoding=\"async\" alt=\"\" src=\"\/wordpress\/wp-content\/uploads\/kalender\/c_3x3.jpg\" border=\"0\" \/><\/a><\/td>\n<td><a href=\"?page_id=90\"><img decoding=\"async\" alt=\"\" src=\"\/wordpress\/wp-content\/uploads\/kalender\/c_3x4.jpg\" border=\"0\" \/><\/a><\/td>\n<td><a href=\"?page_id=92\"><img decoding=\"async\" alt=\"\" src=\"\/wordpress\/wp-content\/uploads\/kalender\/c_3x5.jpg\" border=\"0\" \/><\/a><\/td>\n<td><a href=\"?page_id=94\"><img decoding=\"async\" alt=\"\" src=\"\/wordpress\/wp-content\/uploads\/kalender\/c_3x6.jpg\" border=\"0\" \/><\/a><\/td>\n<\/tr>\n<tr>\n<td><a href=\"?page_id=96\"><img decoding=\"async\" alt=\"\" src=\"\/wordpress\/wp-content\/uploads\/kalender\/c_4x1.jpg\" border=\"0\" \/><\/a><\/td>\n<td><a href=\"?page_id=98\"><img decoding=\"async\" alt=\"\" src=\"\/wordpress\/wp-content\/uploads\/kalender\/c_4x2.jpg\" border=\"0\" \/><\/a><\/td>\n<td><a href=\"?page_id=100\"><img decoding=\"async\" alt=\"\" src=\"\/wordpress\/wp-content\/uploads\/kalender\/c_4x3.jpg\" border=\"0\" \/><\/a><\/td>\n<td><a href=\"?page_id=102\"><img decoding=\"async\" alt=\"\" src=\"\/wordpress\/wp-content\/uploads\/kalender\/c_4x4.jpg\" border=\"0\" \/><\/a><\/td>\n<td><a href=\"?page_id=104\"><img decoding=\"async\" alt=\"\" src=\"\/wordpress\/wp-content\/uploads\/kalender\/c_4x5.jpg\" border=\"0\" \/><\/a><\/td>\n<td><a href=\"?page_id=106\"><img decoding=\"async\" alt=\"\" src=\"\/wordpress\/wp-content\/uploads\/kalender\/c_4x6.jpg\" border=\"0\" \/><\/a><\/td>\n<\/tr>\n<\/tbody>\n<\/table>\n<p>&nbsp;<\/td>\n<\/tr>\n<\/tbody>\n<\/table>\n<p><!-- End Table --><\/p>\n","protected":false},"excerpt":{"rendered":"<p>Es nahet Weihnachten, das hohe Fest, viel gibts zu tun, sehr viel, was stresst, doch werft das ab, genie\u00dft die Zeit, Geschenke und Freude sind auch nimmer weit. 24 Gr\u00fcnde f\u00fcr eine sch\u00f6ne Weihnacht &#8230; &nbsp; &nbsp;<\/p>\n","protected":false},"author":1,"featured_media":0,"parent":0,"menu_order":0,"comment_status":"closed","ping_status":"closed","template":"","meta":{"footnotes":""},"_links":{"self":[{"href":"http:\/\/www.weihnachtself.de\/wordpress\/index.php?rest_route=\/wp\/v2\/pages\/2"}],"collection":[{"href":"http:\/\/www.weihnachtself.de\/wordpress\/index.php?rest_route=\/wp\/v2\/pages"}],"about":[{"href":"http:\/\/www.weihnachtself.de\/wordpress\/index.php?rest_route=\/wp\/v2\/types\/page"}],"author":[{"embeddable":true,"href":"http:\/\/www.weihnachtself.de\/wordpress\/index.php?rest_route=\/wp\/v2\/users\/1"}],"replies":[{"embeddable":true,"href":"http:\/\/www.weihnachtself.de\/wordpress\/index.php?rest_route=%2Fwp%2Fv2%2Fcomments&post=2"}],"version-history":[{"count":48,"href":"http:\/\/www.weihnachtself.de\/wordpress\/index.php?rest_route=\/wp\/v2\/pages\/2\/revisions"}],"predecessor-version":[{"id":250,"href":"http:\/\/www.weihnachtself.de\/wordpress\/index.php?rest_route=\/wp\/v2\/pages\/2\/revisions\/250"}],"wp:attachment":[{"href":"http:\/\/www.weihnachtself.de\/wordpress\/index.php?rest_route=%2Fwp%2Fv2%2Fmedia&parent=2"}],"curies":[{"name":"wp","href":"https:\/\/api.w.org\/{rel}","templated":true}]}}