{"id":25,"date":"2013-12-01T00:40:14","date_gmt":"2013-11-30T22:40:14","guid":{"rendered":"http:\/\/www.weihnachtself.de\/wordpress\/?page_id=25"},"modified":"2014-11-29T22:30:20","modified_gmt":"2014-11-29T20:30:20","slug":"willkommen","status":"publish","type":"page","link":"http:\/\/www.weihnachtself.de\/wordpress\/?page_id=25","title":{"rendered":"Willkommen"},"content":{"rendered":"<p><img loading=\"lazy\" decoding=\"async\" style=\"float: right; border: 0px; padding-left: 5px; padding-right: 5px;\" alt=\"\" src=\"http:\/\/weihnachtself.de\/wordpress\/wp-content\/uploads\/nisse.gif\" width=\"152\" height=\"194\" \/><span style=\"color: #cc0000;\">Oh, Hallo, Ihr wartet wahrscheinlich auf die Geschichten. Elfen lieben es, Geschichten zu erz\u00e4hlen.Ich m\u00f6chte wetten, das habt Ihr bisher nicht gewusst. Und ich denke es gibt eine Menge \u00fcber Elfen, was Ihr noch nicht wisst.<\/span><\/p>\n<p><span style=\"color: #cc0000;\">Ein anderer hochinteressanter Elfismus ist \u2026 Es gibt nur drei Jobs, die man als Elf aus\u00fcben darf.<\/span><\/p>\n<p><span style=\"color: #cc0000;\">Der erste ist die n\u00e4chtliche Herstellung von Schuhen, w\u00e4hrend der alte Schuster schl\u00e4ft.<\/span><\/p>\n<p><span style=\"color: #cc0000;\">Der zweite ist in der Backstube backen. Aber nat\u00fcrlich ist es gef\u00e4hrlich, w\u00e4hrend der Trockenzeit im Inneren einer Eiche einen Ofen zu befeuern.<\/span><\/p>\n<p><span style=\"color: #cc0000;\">Aber die dritte T\u00e4tigkeit\u2026 manche nenne sie einfach nur den \u201eTraumjob\u201c oder die \u201eGro\u00dfe Party\u201c \u2026 das ist der Beruf, den jeder Elf aus\u00fcben will \u2013 die Arbeit in der Spielzeugfabrik des Weihnachtsmanns. Das ist eine Arbeit, die nur Elfen machen k\u00f6nnen. Unsere flinken Finger, unser frohes Wesen und unser wacher Verstand sind ideale Voraussetzungen daf\u00fcr.<\/span><\/p>\n<p><span style=\"color: #cc0000;\">Es gab auch Versuche mit Zwergen und Trollen. Aber die Zwerge haben zuviel getrunken und die Trolle waren nicht stubenrein.\u201c<\/span><\/p>\n<p><b><span style=\"color: #006600;\">Die drei Grundregeln der Elfen<\/span><\/b><\/p>\n<ol>\n<li><b><span style=\"color: #cc0000;\">Seid Tag f\u00fcr Tag in Weihnachtsstimmung!<\/span><\/b><\/li>\n<li><b><span style=\"color: #cc0000;\">Im Buch der braven Kinder ist Platz f\u00fcr alle.<\/span><\/b><\/li>\n<li><b><span style=\"color: #cc0000;\">Um Weihnachtsfreude der Welt zu bescheren sing ganz laut, dass es alle h\u00f6ren!<\/span><\/b><\/li>\n<\/ol>\n<p align=\"LEFT\"><span style=\"color: #cc0000;\">\u201eNa ja, es klingt albern, aber viele Menschen\u00a0 im S\u00fcden glauben nicht an den Weihnachtsmann.\u201c \u2013 \u201eWas? Huh! Und wer bringt ihrer Meinung nach all die Geschenke?\u201c \u2013 \u201eNun, es sind Ger\u00fcchte im Umlauf, dass die Eltern damit zu tun haben\u201c &#8211;\u00a0 \u201eDas ist doch einfach l\u00e4cherlich. So \u2019was schaffen die Eltern doch unm\u00f6glich in einer Nacht. Und die Pl\u00e4tzchen, die man dem Weihnachtsmann hinstellt essen wohl auch die Eltern auf, oder?\u201c \u2013 \u201e Ja ich wei\u00df, es ist traurig und von Jahr zu Jahr glauben immer weniger Menschen an den Weihnachtsmann. Da kommt eine ernsthafte Energiekrise auf uns zu. Du musst dir nur mal ansehen, wie das Nikolausimeter steht.\u201c \u2013 \u201e Das ist ja schockierend.\u201c<\/span><\/p>\n<p>&nbsp;<\/p>\n","protected":false},"excerpt":{"rendered":"<p>Oh, Hallo, Ihr wartet wahrscheinlich auf die Geschichten. Elfen lieben es, Geschichten zu erz\u00e4hlen.Ich m\u00f6chte wetten, das habt Ihr bisher nicht gewusst. Und ich denke es gibt eine Menge \u00fcber Elfen, was Ihr noch nicht wisst. Ein anderer hochinteressanter Elfismus ist \u2026 Es gibt nur drei Jobs, die man als Elf aus\u00fcben darf. Der erste [&hellip;]<\/p>\n","protected":false},"author":1,"featured_media":0,"parent":0,"menu_order":0,"comment_status":"closed","ping_status":"closed","template":"","meta":{"footnotes":""},"_links":{"self":[{"href":"http:\/\/www.weihnachtself.de\/wordpress\/index.php?rest_route=\/wp\/v2\/pages\/25"}],"collection":[{"href":"http:\/\/www.weihnachtself.de\/wordpress\/index.php?rest_route=\/wp\/v2\/pages"}],"about":[{"href":"http:\/\/www.weihnachtself.de\/wordpress\/index.php?rest_route=\/wp\/v2\/types\/page"}],"author":[{"embeddable":true,"href":"http:\/\/www.weihnachtself.de\/wordpress\/index.php?rest_route=\/wp\/v2\/users\/1"}],"replies":[{"embeddable":true,"href":"http:\/\/www.weihnachtself.de\/wordpress\/index.php?rest_route=%2Fwp%2Fv2%2Fcomments&post=25"}],"version-history":[{"count":2,"href":"http:\/\/www.weihnachtself.de\/wordpress\/index.php?rest_route=\/wp\/v2\/pages\/25\/revisions"}],"predecessor-version":[{"id":28,"href":"http:\/\/www.weihnachtself.de\/wordpress\/index.php?rest_route=\/wp\/v2\/pages\/25\/revisions\/28"}],"wp:attachment":[{"href":"http:\/\/www.weihnachtself.de\/wordpress\/index.php?rest_route=%2Fwp%2Fv2%2Fmedia&parent=25"}],"curies":[{"name":"wp","href":"https:\/\/api.w.org\/{rel}","templated":true}]}}