{"id":275,"date":"2016-11-27T01:07:42","date_gmt":"2016-11-26T23:07:42","guid":{"rendered":"http:\/\/www.weihnachtself.de\/wordpress\/?page_id=275"},"modified":"2016-11-27T03:22:15","modified_gmt":"2016-11-27T01:22:15","slug":"tag-des-streicholzes","status":"publish","type":"page","link":"http:\/\/www.weihnachtself.de\/wordpress\/?page_id=275","title":{"rendered":"Tag des Streicholzes"},"content":{"rendered":"<p style=\"text-align: center;\"><span style=\"color: #008000;\"><strong>Abgebrannt<\/strong><\/span><br \/>\n(Kai Meinig)<\/p>\n<p style=\"text-align: center;\"><span style=\"color: #993300;\">Ein Streichholz in der Schachtel liegt,<\/span><br \/>\n<span style=\"color: #993300;\">mit rotem Kopf &#8211; Es ist verliebt.<\/span><\/p>\n<p style=\"text-align: center;\"><span style=\"color: #993300;\">Ganz Feuer ist es und auch Flamme<\/span><br \/>\n<span style=\"color: #993300;\">f\u00fcr eine Kerze auf der Tanne.<\/span><\/p>\n<p style=\"text-align: center;\"><span style=\"color: #993300;\">Noch nie hat&#8217;s eine angemacht,<\/span><br \/>\n<span style=\"color: #993300;\">drum tr\u00e4umt&#8217;s von hei\u00dfer Liebesnacht.<\/span><\/p>\n<p style=\"text-align: center;\"><span style=\"color: #993300;\">Und endlich nach sechs langen Tagen, <\/span><br \/>\n<span style=\"color: #993300;\">das Streichholz wird zum Baum getragen.<\/span><\/p>\n<p style=\"text-align: center;\"><span style=\"color: #993300;\">Worauf es lichterloh erbrennt,<\/span><br \/>\n<span style=\"color: #993300;\">ist das nun, was man Liebe nennt?<\/span><\/p>\n<p style=\"text-align: center;\"><span style=\"color: #993300;\">Es b\u00e4umt sich auf bevor&#8217;s erlischt,<\/span><br \/>\n<span style=\"color: #993300;\">dann liegt es es rauchend auf dem Tisch.<\/span><\/p>\n<p style=\"text-align: center;\"><span style=\"color: #993300;\">F\u00fchlt sich angenehm entspannt,<\/span><br \/>\n<span style=\"color: #993300;\">ist gl\u00fccklich aber abgebrannt.<\/span><\/p>\n<p style=\"text-align: center;\">\u00a0<a href=\"http:\/\/www.weihnachtself.de\/wordpress\/wp-content\/uploads\/2016\/11\/Streichholz.jpg\"><img loading=\"lazy\" decoding=\"async\" class=\"alignnone size-medium wp-image-278\" src=\"http:\/\/www.weihnachtself.de\/wordpress\/wp-content\/uploads\/2016\/11\/Streichholz-300x120.jpg\" alt=\"Abgebrannt\" width=\"150\" height=\"60\" srcset=\"http:\/\/www.weihnachtself.de\/wordpress\/wp-content\/uploads\/2016\/11\/Streichholz-300x120.jpg 300w, http:\/\/www.weihnachtself.de\/wordpress\/wp-content\/uploads\/2016\/11\/Streichholz.jpg 406w\" sizes=\"(max-width: 150px) 100vw, 150px\" \/><\/a><\/p>\n<p style=\"text-align: center;\">(aus dem <a href=\"http:\/\/www.lieber-guter-weihnachtsmann.de\/\"><strong>Gedichtband<\/strong> <\/a>von Kai Mainig, auch als App)<\/p>\n","protected":false},"excerpt":{"rendered":"<p>Abgebrannt (Kai Meinig) Ein Streichholz in der Schachtel liegt, mit rotem Kopf &#8211; Es ist verliebt. Ganz Feuer ist es und auch Flamme f\u00fcr eine Kerze auf der Tanne. Noch nie hat&#8217;s eine angemacht, drum tr\u00e4umt&#8217;s von hei\u00dfer Liebesnacht. Und endlich nach sechs langen Tagen, das Streichholz wird zum Baum getragen. Worauf es lichterloh erbrennt, [&hellip;]<\/p>\n","protected":false},"author":1,"featured_media":0,"parent":0,"menu_order":0,"comment_status":"closed","ping_status":"closed","template":"","meta":{"footnotes":""},"_links":{"self":[{"href":"http:\/\/www.weihnachtself.de\/wordpress\/index.php?rest_route=\/wp\/v2\/pages\/275"}],"collection":[{"href":"http:\/\/www.weihnachtself.de\/wordpress\/index.php?rest_route=\/wp\/v2\/pages"}],"about":[{"href":"http:\/\/www.weihnachtself.de\/wordpress\/index.php?rest_route=\/wp\/v2\/types\/page"}],"author":[{"embeddable":true,"href":"http:\/\/www.weihnachtself.de\/wordpress\/index.php?rest_route=\/wp\/v2\/users\/1"}],"replies":[{"embeddable":true,"href":"http:\/\/www.weihnachtself.de\/wordpress\/index.php?rest_route=%2Fwp%2Fv2%2Fcomments&post=275"}],"version-history":[{"count":5,"href":"http:\/\/www.weihnachtself.de\/wordpress\/index.php?rest_route=\/wp\/v2\/pages\/275\/revisions"}],"predecessor-version":[{"id":281,"href":"http:\/\/www.weihnachtself.de\/wordpress\/index.php?rest_route=\/wp\/v2\/pages\/275\/revisions\/281"}],"wp:attachment":[{"href":"http:\/\/www.weihnachtself.de\/wordpress\/index.php?rest_route=%2Fwp%2Fv2%2Fmedia&parent=275"}],"curies":[{"name":"wp","href":"https:\/\/api.w.org\/{rel}","templated":true}]}}