{"id":78,"date":"2024-12-10T00:01:00","date_gmt":"2024-12-09T22:01:00","guid":{"rendered":"http:\/\/www.weihnachtself.de\/wordpress\/?page_id=78"},"modified":"2024-06-12T08:38:16","modified_gmt":"2024-06-12T06:38:16","slug":"10-dezember","status":"publish","type":"page","link":"http:\/\/www.weihnachtself.de\/wordpress\/?page_id=78","title":{"rendered":"10. Dezember"},"content":{"rendered":"<p><img loading=\"lazy\" decoding=\"async\" style=\"float: left; border: 0px; padding-left: 5px; padding-right: 5px;\" src=\"http:\/\/weihnachtself.de\/wordpress\/wp-content\/uploads\/elf_x.jpg\" alt=\"\" width=\"63\" height=\"100\"><br \/>\n<img loading=\"lazy\" decoding=\"async\" style=\"float: right; border: 0px; padding-left: 5px; padding-right: 5px;\" src=\"http:\/\/weihnachtself.de\/wordpress\/wp-content\/uploads\/rpunsch.jpg\" alt=\"\" width=\"75\" height=\"130\"><\/p>\n<p style=\"text-align: center;\"><strong>Punschlied<\/strong><br \/>\n(Friedrich Schiller)<\/p>\n<p style=\"text-align: center;\">Vier Elemente innig gesellt,<br \/>\nbilden das Leben, bauen die Welt.<br \/>\nPresst der Zitrone saftigen Stern!<br \/>\nHerb ist des Lebens innerste Kern.<\/p>\n<p style=\"text-align: center;\">Jetzt mit des Zuckers linderndem Saft<br \/>\nZ\u00e4hmed die herbe brennenede Kraft!<br \/>\nGie\u00dfert das Wasser sprudelnden Schwall!<br \/>\nWasser umf\u00e4ngt ruhig das All.<\/p>\n<p style=\"text-align: center;\">Tropfen des Geistes gie\u00dfet hinein!<br \/>\nLeben dem Leben gibt er allein.<br \/>\nEh&#8217; es verd\u00fcftet, sch\u00f6pfet es schnell!<br \/>\nNur wenn er gl\u00fchet, labet der Quell<br \/>\nZimt und Nelken, Zucker und Kardamom<\/p>\n<p style=\"text-align: center;\"><img loading=\"lazy\" decoding=\"async\" class=\"alignnone size-full wp-image-103\" title=\"weihnachten_blaetter\" src=\"http:\/\/weihnachtself.de\/wordpress\/wp-content\/uploads\/weihnachten_blaetter.gif\" alt=\"weihnachten_blaetter\" width=\"410\" height=\"30\"><\/p>\n<p style=\"text-align: left;\">Verf\u00fchrerisch ist der Duft von Zimt und Nelken, Kardamom und Orangen &#8211; besonders, wenn er aus dem Dampf des Gl\u00fchweins in die kalten Nasen der Weihnachtsmarkbesucher str\u00f6mt.<\/p>\n<p><img loading=\"lazy\" decoding=\"async\" style=\"float: right; border: 0px; padding-left: 5px; padding-right: 5px;\" src=\"http:\/\/weihnachtself.de\/wordpress\/wp-content\/uploads\/gewuerze.jpg\" alt=\"\" width=\"125\" height=\"94\"><\/p>\n<p style=\"text-align: left;\">Gl\u00fchwein ist sehr beliebt, das belegen steigende Zahlen. Rund 50 Millionen Liter Gl\u00fchwein wurden im vergangenen Jahr in Deutschland konsumiert. Kein Wunder, denn er schmeckt lecker und soll sogar gesund sein. Beginnen wir mit den guten und v\u00f6llig harmlosen Zutaten:<\/p>\n<p style=\"text-align: left;\"><strong>Zimt:<\/strong> Ein unverzichtbares Gl\u00fchweingew\u00fcrz, regt den K\u00f6rper dazu an, Verdauungss\u00e4fte zu produzieren. Er ist ein gutes Mittel gegen V\u00f6llegef\u00fchl und soll sogar aphrodisierend wirken. Der griechische Philosoph Theophrastos lobte um 350 vor Christus den Zimt als k\u00f6stliches Gew\u00fcrz, besonders zum Wein. Der beste Zimt stammt \u00fcbrigens aus Ceylon vom Echten Zimtbaum und ist sehr hell.<\/p>\n<p style=\"text-align: left;\"><strong>Kardamom:<\/strong> Ihm wird eine appetitanregende Wirkung nachgesagt. Er hilft auch gegen Bl\u00e4hungen.<\/p>\n<p style=\"text-align: left;\"><strong>Nelken:<\/strong> Duften vor allem gut, wirken antibakteriell und verdauungsf\u00f6rdernd. Schon im alten China und in \u00c4gypten kannte man Nelken und ihre heilsamen Wirkungen. Arabische H\u00e4ndler brachten sie zur R\u00f6merzeit nach Europa.<\/p>\n<p style=\"text-align: left;\">Tats\u00e4chlich l\u00f6sen die Gew\u00fcrze durch die \u00e4therischen \u00d6le \u00fcber die Geruchsrezeptoren positive Gef\u00fchle und Emotionen aus. Und dass Alkohol in Ma\u00dfen fr\u00f6hlich macht, ist allseits bekannt.<\/p>\n<p><img loading=\"lazy\" decoding=\"async\" style=\"float: left; border: 0px; padding-left: 5px; padding-right: 5px;\" src=\"http:\/\/weihnachtself.de\/wordpress\/wp-content\/uploads\/gluehweinfass.jpg\" alt=\"\" width=\"200\" height=\"150\"><\/p>\n<p style=\"text-align: left;\">Dabei ist der Gl\u00fchwein sogar \u00e4lter als das Weihnachtsfest. &#8220;Die Geschichte des Gl\u00fchweins liegt im W\u00fcrzwein der alten R\u00f6mer&#8221;. Sie versetzten den Wein zur besseren Haltbarkeit mit Gew\u00fcrzen. Beleg daf\u00fcr ist ein 2000 Jahre altes Rezeptbuch. Der r\u00f6mische B\u00fcrger Apicius beschrieb in seinem &#8220;conditum paradoxum&#8221; die Veredelung des Weins mit Zimt, Lorbeer, Nelken, Thymian und Koriander. Doch lange blieb der winterliche Genuss der gehobenen Gesellschaft vorbehalten. &#8220;Nur die hatten die M\u00f6glichkeit, sich die kostbaren Gew\u00fcrze zu beschaffen&#8221;.<\/p>\n<p style=\"text-align: left;\">Na, zum Gl\u00fcck kann sich heute jeder diesen Trunk leisten. Der Weihnachtself bevorzugt dabei eine ganz bestimmte Sorte eines Heidelbeergl\u00fchweins, der mittlerweile zahlreiche Fans gefunden hat.<\/p>\n<p style=\"text-align: center;\"><img loading=\"lazy\" decoding=\"async\" class=\"alignnone size-full wp-image-103\" title=\"weihnachten_blaetter\" src=\"http:\/\/weihnachtself.de\/wordpress\/wp-content\/uploads\/weihnachten_blaetter.gif\" alt=\"weihnachten_blaetter\" width=\"410\" height=\"30\"><\/p>\n<p style=\"text-align: left;\">Und wer nicht trinken mag, f\u00fcr den haben wir ein Rezept aus der Backstube<\/p>\n<p style=\"text-align: center;\"><strong>Gl\u00fchweinsterne<\/strong><\/p>\n<p><img loading=\"lazy\" decoding=\"async\" style=\"float: right; border: 0px; padding-left: 5px; padding-right: 5px;\" src=\"http:\/\/weihnachtself.de\/wordpress\/wp-content\/uploads\/wbckr.jpg\" alt=\"\" width=\"150\" height=\"173\"><\/p>\n<p style=\"text-align: center;\">Einkaufsliste f\u00fcr den Teig<br \/>\n125 g Marzipanrohmasse<br \/>\n200 g Zucker<br \/>\n4 Eiwei\u00df (klein)<br \/>\n75 g Orangeat<br \/>\n75 g Zitronat<br \/>\n400 gb gemahlene Haseln\u00fcsse<br \/>\n1 P. Lebkuchengew\u00fcrz<br \/>\nSalz, abgeriebene Schale einer Zitrone,<br \/>\nZucker zum Bestreuen<\/p>\n<p style=\"text-align: center;\">f\u00fcr die Glasur<br \/>\n200ml Gl\u00fchwein<br \/>\n100 g Puderzucker<br \/>\n\u00bd Eiwei\u00df<br \/>\nrote Back-\/Speisefarbe<\/p>\n<p style=\"text-align: left;\">Die Marzipanrohmasse zerkr\u00fcmeln und mit Zucker und 1 Eiwei\u00df zu einer glatten Masse verarbeiten. Zitronat und Orangeat sehr fein hacken, beides mit Marzipan, N\u00fcssen, Lebkuchengew\u00fcrz, 1 Prise Salz, Zitronenschale und \u00fcbrigem Eiwei\u00df zu einer glatten Masse verkneten. In Klarsichtfolie gewickelt \u00fcber Nacht in den K\u00fchlschrank legen.<\/p>\n<p style=\"text-align: left;\">F\u00fcr die Glasur den Gl\u00fchwein bei starker Hitze auf 5 EL einkochen. Abk\u00fchlen lassen.<\/p>\n<p style=\"text-align: left;\">Den Teig in mehrere Portionen zwischen zwei mit Zucker bestreuten Lagen Backpapier ca. 1 cm dick ausrollen und Sterne von ca. 6 cm \u00d8 ausstechen. Auf mit Backpapier belegte Bleche setzen. Im vorgeheizten Backofen bei 160 Grad (Gas 1-2, Umluft 8-10 min bei 150 Grad) auf der untersten Einschubleiste 12-15 min backen. Mit dem Papier vom Blech ziehen und abk\u00fchlen lassen.<\/p>\n<p style=\"text-align: left;\">Gl\u00fchwein, Puderzucker und Eiwei\u00df mit den Quirlen des Handr\u00fchrers zu einem festen Gu\u00df aufschlagen. 3 EL abnehmen und beiseite stellen. Mit der \u00fcbrigen Glasur die Sterne bestreichen. Die restliche Glasur mit Speisefarbe rot einf\u00e4rben. In eine Pergamentt\u00fcte f\u00fcllen, eine kleine Ecke abschneiden und die Sterne damit garnieren. Trocknen lassen.<\/p>\n<p style=\"text-align: left;\">Und da ja nicht alle auf einmal sofort gegessen werden, bewahrt Ihr sie am besten in einer Blechdose auf. Guten Appetit!<\/p>\n<p style=\"text-align: center;\"><img loading=\"lazy\" decoding=\"async\" class=\"alignnone size-full wp-image-103\" title=\"weihnachten_blaetter\" src=\"http:\/\/weihnachtself.de\/wordpress\/wp-content\/uploads\/weihnachten_blaetter.gif\" alt=\"weihnachten_blaetter\" width=\"410\" height=\"30\"><\/p>\n<p style=\"text-align: center;\"><strong>Der Stern<\/strong><br \/>\n(Wilhelm Busch)<\/p>\n<p style=\"text-align: center;\">H\u00e4tt einer auch fast mehr Verstand<br \/>\nals die drei Weisen aus Morgenland<br \/>\nund lie\u00dfe sich d\u00fcnken, er w\u00e4r wohl nie<br \/>\ndem Sternlein nachgereist wie sie;<br \/>\ndennoch, wenn nun das Weihnachtsfest<br \/>\nseine Lichtlein wonniglich scheinen l\u00e4\u00dft,<br \/>\nf\u00e4llt auch auf sein verst\u00e4ndig Gesicht,<br \/>\ner mag es merken oder nicht,<br \/>\nein freundlich Strahl<br \/>\ndes Wundersterns von dazumal.<\/p>\n<p style=\"text-align: center;\"><img loading=\"lazy\" decoding=\"async\" class=\"alignnone size-full wp-image-104\" title=\"firststar\" src=\"http:\/\/weihnachtself.de\/wordpress\/wp-content\/uploads\/firststar.jpg\" alt=\"firststar\" width=\"450\" height=\"300\"><\/p>\n<p style=\"text-align: center;\"><img loading=\"lazy\" decoding=\"async\" class=\"alignnone size-full wp-image-38\" title=\"birds-garland\" src=\"http:\/\/weihnachtself.de\/wordpress\/wp-content\/uploads\/birds-garland.gif\" alt=\"birds-garland\" width=\"475\" height=\"32\"><\/p>\n<p style=\"text-align: right;\"><a href=\"http:\/\/weihnachtself.de\/wordpress\/\">zur\u00fcck zum Kalender<\/a><\/p>\n","protected":false},"excerpt":{"rendered":"<p>Punschlied (Friedrich Schiller) Vier Elemente innig gesellt, bilden das Leben, bauen die Welt. Presst der Zitrone saftigen Stern! Herb ist des Lebens innerste Kern. Jetzt mit des Zuckers linderndem Saft Z\u00e4hmed die herbe brennenede Kraft! Gie\u00dfert das Wasser sprudelnden Schwall! Wasser umf\u00e4ngt ruhig das All. Tropfen des Geistes gie\u00dfet hinein! Leben dem Leben gibt er [&hellip;]<\/p>\n","protected":false},"author":1,"featured_media":0,"parent":0,"menu_order":0,"comment_status":"closed","ping_status":"closed","template":"","meta":{"footnotes":""},"_links":{"self":[{"href":"http:\/\/www.weihnachtself.de\/wordpress\/index.php?rest_route=\/wp\/v2\/pages\/78"}],"collection":[{"href":"http:\/\/www.weihnachtself.de\/wordpress\/index.php?rest_route=\/wp\/v2\/pages"}],"about":[{"href":"http:\/\/www.weihnachtself.de\/wordpress\/index.php?rest_route=\/wp\/v2\/types\/page"}],"author":[{"embeddable":true,"href":"http:\/\/www.weihnachtself.de\/wordpress\/index.php?rest_route=\/wp\/v2\/users\/1"}],"replies":[{"embeddable":true,"href":"http:\/\/www.weihnachtself.de\/wordpress\/index.php?rest_route=%2Fwp%2Fv2%2Fcomments&post=78"}],"version-history":[{"count":4,"href":"http:\/\/www.weihnachtself.de\/wordpress\/index.php?rest_route=\/wp\/v2\/pages\/78\/revisions"}],"predecessor-version":[{"id":326,"href":"http:\/\/www.weihnachtself.de\/wordpress\/index.php?rest_route=\/wp\/v2\/pages\/78\/revisions\/326"}],"wp:attachment":[{"href":"http:\/\/www.weihnachtself.de\/wordpress\/index.php?rest_route=%2Fwp%2Fv2%2Fmedia&parent=78"}],"curies":[{"name":"wp","href":"https:\/\/api.w.org\/{rel}","templated":true}]}}